{"id":766,"date":"2023-12-31T01:26:39","date_gmt":"2023-12-31T00:26:39","guid":{"rendered":"http:\/\/127.0.0.1\/wordpressfr\/?page_id=766"},"modified":"2023-12-31T01:26:39","modified_gmt":"2023-12-31T00:26:39","slug":"procedure-devaluation","status":"publish","type":"page","link":"https:\/\/prixchinguitt.mr\/fr\/?page_id=766","title":{"rendered":"Proc\u00e9dure d&rsquo;\u00e9valuation"},"content":{"rendered":"\n<p>Le conseil peut se faire assister, \u00e0 titre consultatif, par des comit\u00e9s techniques ou des experts de<br>comp\u00e9tence reconnue dans les domaines couverts par les Prix Chinguitt. Ces experts \u00e9tablissent des rapports d\u2019\u00e9valuation des dossiers recevables.<\/p>\n\n\n\n<p>Les rapports des experts et les \u00e9valuations des comit\u00e9s sp\u00e9cialis\u00e9s issus du Conseil du Prix Chinguitt sont examin\u00e9s \u00e0 huit \u2013 clos par le conseil qui d\u00e9signe les travaux prim\u00e9s par consensus entre ses membres. A d\u00e9faut de consensus, le conseil proc\u00e8de au classement des travaux recevables et au vote \u00e0 scrutin secret.<\/p>\n","protected":false},"excerpt":{"rendered":"<p>Le conseil peut se faire assister, \u00e0 titre consultatif, par des comit\u00e9s techniques ou des experts decomp\u00e9tence reconnue dans les domaines couverts par les Prix [&#8230;]<\/p>\n","protected":false},"author":1,"featured_media":0,"parent":0,"menu_order":0,"comment_status":"closed","ping_status":"closed","template":"","meta":{"footnotes":""},"class_list":["post-766","page","type-page","status-publish","hentry"],"_links":{"self":[{"href":"https:\/\/prixchinguitt.mr\/fr\/index.php?rest_route=\/wp\/v2\/pages\/766","targetHints":{"allow":["GET"]}}],"collection":[{"href":"https:\/\/prixchinguitt.mr\/fr\/index.php?rest_route=\/wp\/v2\/pages"}],"about":[{"href":"https:\/\/prixchinguitt.mr\/fr\/index.php?rest_route=\/wp\/v2\/types\/page"}],"author":[{"embeddable":true,"href":"https:\/\/prixchinguitt.mr\/fr\/index.php?rest_route=\/wp\/v2\/users\/1"}],"replies":[{"embeddable":true,"href":"https:\/\/prixchinguitt.mr\/fr\/index.php?rest_route=%2Fwp%2Fv2%2Fcomments&post=766"}],"version-history":[{"count":1,"href":"https:\/\/prixchinguitt.mr\/fr\/index.php?rest_route=\/wp\/v2\/pages\/766\/revisions"}],"predecessor-version":[{"id":767,"href":"https:\/\/prixchinguitt.mr\/fr\/index.php?rest_route=\/wp\/v2\/pages\/766\/revisions\/767"}],"wp:attachment":[{"href":"https:\/\/prixchinguitt.mr\/fr\/index.php?rest_route=%2Fwp%2Fv2%2Fmedia&parent=766"}],"curies":[{"name":"wp","href":"https:\/\/api.w.org\/{rel}","templated":true}]}}