{"id":731,"date":"2023-12-30T22:21:53","date_gmt":"2023-12-30T21:21:53","guid":{"rendered":"http:\/\/127.0.0.1\/wordpressfr\/?page_id=731"},"modified":"2023-12-30T22:21:53","modified_gmt":"2023-12-30T21:21:53","slug":"modalites-dattribution-des-prix-chinguitt","status":"publish","type":"page","link":"https:\/\/prixchinguitt.mr\/fr\/?page_id=731","title":{"rendered":"Modalit\u00e9s d&rsquo;attribution des prix chinguitt"},"content":{"rendered":"\n<p>Modalit\u00e9s d\u2019attribution des prix Chinguitt<\/p>\n\n\n\n<p>Ces modalit\u00e9s sont fix\u00e9es par le d\u00e9cret n\u00b0&nbsp;99-052 du 31 mai 1999 compl\u00e9t\u00e9 et modifi\u00e9 par le d\u00e9cret n\u00b016-2002 en date du 31 mars 2002 Le d\u00e9cret modifie et compl\u00e8te le d\u00e9cret n\u00b0&nbsp;99-0520 fixant les modalit\u00e9s d\u2019attribution du prix Chinguitt&nbsp;: Article 1er&nbsp;: Il est cr\u00e9e deux prix destin\u00e9s \u00e0 r\u00e9compenser les efforts des personnalit\u00e9s ayant contribu\u00e9 au rayonnement Culturel et Scientifique National dans le domaine de la Litt\u00e9rature et des arts et dans le domaine des Sciences et Techniques. Ces prix sont d\u00e9nomm\u00e9s&nbsp;: \u00a0\u00bb Prix Chinguitt des Arts et Lettres \u00a0\u00bb et \u00a0\u00bb Prix Chinguitt des Sciences et Techniques \u00ab\u00a0.<\/p>\n\n\n\n<p>Article 2&nbsp;: Le pr\u00e9sent d\u00e9cret fixe les modalit\u00e9s d\u2019attribution de ces deux Prix.<\/p>\n\n\n\n<p>Article 3&nbsp;: L\u2019administration du Prix Chinguitt de la Litt\u00e9rature et des Arts et des Sciences et Techniques est assur\u00e9e par un Conseil d\u00e9nomm\u00e9&nbsp;: \u00a0\u00bb Conseil du Prix Chinguitt \u00ab\u00a0.<\/p>\n\n\n\n<p>Article 4&nbsp;: Le Conseil du Prix comprend outre son pr\u00e9sident, six (06) membres. Les membres sont nomm\u00e9s pour une dur\u00e9e de 4 ans par d\u00e9cret sur proposition conjointe des Ministres charg\u00e9s de la Culture et de l\u2019Enseignement Sup\u00e9rieur. Ces membres sont choisis parmi les personnalit\u00e9s culturelles et scientifiques de nomm\u00e9e, ayant les comp\u00e9tences et l\u2019exp\u00e9rience n\u00e9cessaires. Trois parmi eux seront des personnalit\u00e9s du monde des Arts et Lettres et les trois autres des personnalit\u00e9s Scientifiques et Techniques.<\/p>\n\n\n\n<p>Article 5&nbsp;: Le Conseil arr\u00eate la p\u00e9riode de d\u00e9p\u00f4t des candidatures \u00e0 l\u2019obtention du prix et proclame les r\u00e9sultats d\u00e9finitifs dans un d\u00e9lai n\u2019exc\u00e9dant pas le 31 Octobre de chaque ann\u00e9e. Les d\u00e9cisions du Conseil sont d\u00e9finitives en la mati\u00e8re.<\/p>\n\n\n\n<p>Article 6&nbsp;: Le Conseil re\u00e7oit les candidatures \u00e0 travers les Etablissements d\u2019enseignement sup\u00e9rieur et\/ou de recherche scientifique ou \u00e0 travers les associations culturelles et scientifiques sp\u00e9cialis\u00e9es reconnues. Les anciens laur\u00e9ats du Prix Chinguit peuvent pr\u00e9senter les candidatures qu\u2019ils estiment dignes de recevoir le prix. Le Conseil peut en outre d\u00e9cider de recevoir des candidatures directement.<\/p>\n\n\n\n<p>Article 7&nbsp;: Les travaux pr\u00e9sent\u00e9s pour l\u2019obtention du prix Chinguit doivent \u00eatre de nature \u00e0 contribuer au rayonnement culturel et scientifique de la Mauritanie. Ces travaux doivent remplir les conditions suivantes&nbsp;: -Ne pas avoir \u00e9t\u00e9 publi\u00e9s ou expos\u00e9s depuis plus de deux ans. -Ne pas avoir \u00e9t\u00e9 r\u00e9alis\u00e9s pour l\u2019obtention d\u2019un titre universitaire -Ne pas avoir \u00e9t\u00e9 d\u00e9j\u00e0 prim\u00e9s.<\/p>\n\n\n\n<p>Article 8&nbsp;: Le Conseil peut d\u00e9signer des comit\u00e9s techniques pour l\u2019assister dans l\u2019\u00e9valuation des travaux en comp\u00e9tition.<\/p>\n\n\n\n<p>Article 9&nbsp;: Le Conseil est assist\u00e9 dans ses t\u00e2ches par un Secr\u00e9taire Permanent plac\u00e9 sous l\u2019autorit\u00e9 du Pr\u00e9sident du Conseil. Le Secr\u00e9taire Permanent est nomm\u00e9 par d\u00e9cret, sur proposition conjointe des Ministres charg\u00e9s de la Culture et de l\u2019Enseignement Sup\u00e9rieur. Il est charg\u00e9 du Secr\u00e9tariat du Conseil.<\/p>\n\n\n\n<p>Article 10&nbsp;: Les ressources du Conseil du Prix Chinguit sont compos\u00e9es de&nbsp;: -subvention de l\u2019Etat. -dons et legs des personnes physiques ou morales nationales ou \u00e9trang\u00e8res, d\u2019organismes internationaux. -toutes autres ressources agr\u00e9\u00e9es par le Conseil. Article 11&nbsp;: Les d\u00e9penses du Conseil comprennent&nbsp;: -montant du prix -frais de fonctionnement du prix.<\/p>\n\n\n\n<p>Article 12&nbsp;: Le Secr\u00e9taire Permanent est charg\u00e9 sous l\u2019autorit\u00e9 du Pr\u00e9sident de la gestion des ressources du Conseil. Une d\u00e9cision du Ministre des Finances pr\u00e9cisera les modalit\u00e9s de gestion de ces ressources, conform\u00e9ment aux textes en vigueur.<\/p>\n\n\n\n<p>Article 13&nbsp;: Toutes les questions relatives \u00e0 l\u2019attribution du prix sont r\u00e9gies par un r\u00e8glement int\u00e9rieur \u00e9labor\u00e9 par le Conseil et approuv\u00e9 par arr\u00eat\u00e9 conjoint des Ministres charg\u00e9s de la Culture et de l\u2019Enseignement Sup\u00e9rieur.<\/p>\n\n\n\n<p>Article 14&nbsp;: Les Prix Chinguitt de la Litt\u00e9rature et des Arts et des Sciences et Techniques sont attribu\u00e9s annuellement. Toutefois, le Conseil peut d\u00e9cider de ne pas attribuer les deux Prix ou l\u2019un d\u2019entre eux en cas d\u2019absence de travaux dignes d\u2019\u00eatre r\u00e9compens\u00e9s.<\/p>\n\n\n\n<p>Article 15&nbsp;: Le Prix Chinguitt se compose d\u2019un dipl\u00f4me honorifique et d\u2019une gratification de Cinq Millions Ouguiya (5.000.000). Le contenu et la forme du dipl\u00f4me honorifique sont fix\u00e9s par arr\u00eat\u00e9 conjoint des Ministres charg\u00e9s de la Culture et de l\u2019Enseignement Sup\u00e9rieur. Article 16&nbsp;: Le Prix Chinguitt peut \u00eatre d\u00e9cern\u00e9 \u00e0 quatre laur\u00e9ats, au plus dans le m\u00eame domaine. Dans ce cas, la gratification pr\u00e9vue \u00e0 l\u2019article 15 ci-dessus est partag\u00e9e entre les b\u00e9n\u00e9ficiaires.<\/p>\n\n\n\n<p>Article 17\u00a0: Les Ministres charg\u00e9s de la Culture, de l\u2019Enseignement Sup\u00e9rieur et des Finances sont charg\u00e9s chacun, en ce qui le concerne, de l\u2019application du pr\u00e9sent d\u00e9cret qui sera publi\u00e9 au Journal Officiel. D\u00e9cret n\u00b016-2002 en date du 31 mars 2002, modifiant et compl\u00e9tant le d\u00e9cret n\u00b0\u00a099-052 du 31 Mai 1999 fixant les modalit\u00e9s d\u2019attribution du prix Chinguitt Article Premier\u00a0: Le pr\u00e9sident d\u00e9cret modifie et compl\u00e8te le d\u00e9cret n\u00b0\u00a099-052 fixant les modalit\u00e9s d\u2019attribution du prix Chinguitt Article 2 ( nouveau)\u00a0: Il est cr\u00e9\u00e9 un Prix Chinguitt destin\u00e9 \u00e0 r\u00e9compenser le m\u00e9rite des chercheurs mauritaniens et \u00e9trangers ayant contribu\u00e9 \u00e0 l\u2019approfondissement de la bonne compr\u00e9hension des enseignants de l\u2019islam, tout en mettant l\u2019accent particuli\u00e8rement sur la tol\u00e9rance et le caract\u00e8re universel tant que religion de concorde entre les hommes . Ce Prix est d\u00e9nomm\u00e9\u00a0: \u00ab\u00a0Prix Chinguitt pour les Etudes Islamiques\u00a0\u00bb. Article 3 (nouveau)\u00a0: L\u2019administration du Prix Chinguitt pour les Etudes Islamiques est assur\u00e9e par le Conseil du Prix Chinguitt. Article 4\u00a0: L\u2019article 4 du d\u00e9cret n\u00b0\u00a099-052 du 31 mai 1999 fixant les modalit\u00e9s d\u2019attribution du Prix Chuinguitt est modifi\u00e9 ainsi qu\u2019il suit\u00a0: \u00ab\u00a0Le Conseil du Prix Chinguitt comprend, outre son Pr\u00e9sident, neuf (09) membres . Les membres sont nomm\u00e9s pour une dur\u00e9e de quatre (4) ans, par d\u00e9cret pr\u00e9sidentiel. Ces membres sont choisis parmi les personnalit\u00e9s scientifiques et culturelles de renomm\u00e9e, ayant les comp\u00e9tences et l\u2019exp\u00e9rience n\u00e9cessaires\u00a0\u00bb. Article 5\u00a0: l\u2019article 7 du d\u00e9cret n\u00b0\u00a099.052 du 31ami 1999 fixant les modalit\u00e9s d\u2019attribution du PrixChuinguitt est modifi\u00e9 ainsi qu\u2019il suit\u00a0: \u00ab\u00a0Les travaux pr\u00e9sent\u00e9s pour obtention du Prix Chinguitt doivent \u00eatre de nature \u00e0 contribuer \u00e0 l\u2019approfondissement de la recherche dans les domaines Scientifique, Culture et Islamique et \u00e0 leur promotion. Ces travaux doivent remplir les conditions suivantes\u00a0: -ne pas avoir \u00e9t\u00e9 publi\u00e9 ou expos\u00e9s depuis plus de trois ans\u00a0; -ne pas avoir \u00e9t\u00e9 r\u00e9alis\u00e9s pour l\u2019obtention d\u2019un titre universitaire\u00a0; -ne pas avoir \u00e9t\u00e9 d\u00e9j\u00e0 prim\u00e9s.\u00a0\u00bb. Article 6\u00a0: Les dispositions du d\u00e9cret n\u00b0\u00a099-052 du 31 Mai 1999 fixant les modalit\u00e9s d\u2019attribution des Prix Chinguitt, non modifi\u00e9es par le pr\u00e9sent d\u00e9cret, sont applicables au prix Chuinguitt pour les Etudes Islamiques. Article 7\u00a0: Les Ministres charg\u00e9s de la Culture, de l\u2019Enseignement sup\u00e9rieur, et des formations sup\u00e9rieur, et des Finances sont charg\u00e9s, chacun en ce qui le concerne, de l\u2019ex\u00e9cution du pr\u00e9sent d\u00e9cret qui sera publi\u00e9 au Journal Officiel.<\/p>\n","protected":false},"excerpt":{"rendered":"<p>Modalit\u00e9s d\u2019attribution des prix Chinguitt Ces modalit\u00e9s sont fix\u00e9es par le d\u00e9cret n\u00b0&nbsp;99-052 du 31 mai 1999 compl\u00e9t\u00e9 et modifi\u00e9 par le d\u00e9cret n\u00b016-2002 en [&#8230;]<\/p>\n","protected":false},"author":1,"featured_media":0,"parent":0,"menu_order":0,"comment_status":"closed","ping_status":"closed","template":"","meta":{"footnotes":""},"class_list":["post-731","page","type-page","status-publish","hentry"],"_links":{"self":[{"href":"https:\/\/prixchinguitt.mr\/fr\/index.php?rest_route=\/wp\/v2\/pages\/731","targetHints":{"allow":["GET"]}}],"collection":[{"href":"https:\/\/prixchinguitt.mr\/fr\/index.php?rest_route=\/wp\/v2\/pages"}],"about":[{"href":"https:\/\/prixchinguitt.mr\/fr\/index.php?rest_route=\/wp\/v2\/types\/page"}],"author":[{"embeddable":true,"href":"https:\/\/prixchinguitt.mr\/fr\/index.php?rest_route=\/wp\/v2\/users\/1"}],"replies":[{"embeddable":true,"href":"https:\/\/prixchinguitt.mr\/fr\/index.php?rest_route=%2Fwp%2Fv2%2Fcomments&post=731"}],"version-history":[{"count":1,"href":"https:\/\/prixchinguitt.mr\/fr\/index.php?rest_route=\/wp\/v2\/pages\/731\/revisions"}],"predecessor-version":[{"id":732,"href":"https:\/\/prixchinguitt.mr\/fr\/index.php?rest_route=\/wp\/v2\/pages\/731\/revisions\/732"}],"wp:attachment":[{"href":"https:\/\/prixchinguitt.mr\/fr\/index.php?rest_route=%2Fwp%2Fv2%2Fmedia&parent=731"}],"curies":[{"name":"wp","href":"https:\/\/api.w.org\/{rel}","templated":true}]}}