{"id":709,"date":"2023-12-30T19:54:21","date_gmt":"2023-12-30T18:54:21","guid":{"rendered":"http:\/\/127.0.0.1\/wordpressfr\/?page_id=709"},"modified":"2023-12-30T19:54:21","modified_gmt":"2023-12-30T18:54:21","slug":"etudes-islamiques","status":"publish","type":"page","link":"https:\/\/prixchinguitt.mr\/fr\/?page_id=709","title":{"rendered":"Etudes Islamiques"},"content":{"rendered":"\n<p>Le prix  des Etudes Islamiques r\u00e9compense les chercheurs ayant contribu\u00e9 \u00e0 l&rsquo;approfondissement de la bonne compr\u00e9hension des enseignements de l&rsquo;Islam tout en mettant l&rsquo;accent particuli\u00e8rement sur la tol\u00e9rance et le caract\u00e8re universel en tant que religion de concorde entre les hommes:<\/p>\n\n\n\n<ul class=\"wp-block-list\">\n<li>Etudes coraniques;<\/li>\n\n\n\n<li>Etudes de jurisprudence  islamique;<\/li>\n\n\n\n<li>Etudes de la Sunna et des Hadiths du proph\u00e8te;<\/li>\n\n\n\n<li>Etudes sur les questions des nouvelles conditionnalit\u00e9s islamiques;<\/li>\n\n\n\n<li>Autres.<\/li>\n<\/ul>\n","protected":false},"excerpt":{"rendered":"<p>Le prix des Etudes Islamiques r\u00e9compense les chercheurs ayant contribu\u00e9 \u00e0 l&rsquo;approfondissement de la bonne compr\u00e9hension des enseignements de l&rsquo;Islam tout en mettant l&rsquo;accent particuli\u00e8rement [&#8230;]<\/p>\n","protected":false},"author":1,"featured_media":0,"parent":0,"menu_order":0,"comment_status":"closed","ping_status":"closed","template":"","meta":{"footnotes":""},"class_list":["post-709","page","type-page","status-publish","hentry"],"_links":{"self":[{"href":"https:\/\/prixchinguitt.mr\/fr\/index.php?rest_route=\/wp\/v2\/pages\/709","targetHints":{"allow":["GET"]}}],"collection":[{"href":"https:\/\/prixchinguitt.mr\/fr\/index.php?rest_route=\/wp\/v2\/pages"}],"about":[{"href":"https:\/\/prixchinguitt.mr\/fr\/index.php?rest_route=\/wp\/v2\/types\/page"}],"author":[{"embeddable":true,"href":"https:\/\/prixchinguitt.mr\/fr\/index.php?rest_route=\/wp\/v2\/users\/1"}],"replies":[{"embeddable":true,"href":"https:\/\/prixchinguitt.mr\/fr\/index.php?rest_route=%2Fwp%2Fv2%2Fcomments&post=709"}],"version-history":[{"count":1,"href":"https:\/\/prixchinguitt.mr\/fr\/index.php?rest_route=\/wp\/v2\/pages\/709\/revisions"}],"predecessor-version":[{"id":710,"href":"https:\/\/prixchinguitt.mr\/fr\/index.php?rest_route=\/wp\/v2\/pages\/709\/revisions\/710"}],"wp:attachment":[{"href":"https:\/\/prixchinguitt.mr\/fr\/index.php?rest_route=%2Fwp%2Fv2%2Fmedia&parent=709"}],"curies":[{"name":"wp","href":"https:\/\/api.w.org\/{rel}","templated":true}]}}