{"id":698,"date":"2023-12-30T19:38:31","date_gmt":"2023-12-30T18:38:31","guid":{"rendered":"http:\/\/127.0.0.1\/wordpressfr\/?page_id=698"},"modified":"2023-12-30T19:38:31","modified_gmt":"2023-12-30T18:38:31","slug":"critere-de-selection","status":"publish","type":"page","link":"https:\/\/prixchinguitt.mr\/fr\/?page_id=698","title":{"rendered":"Crit\u00e8re de s\u00e9lection"},"content":{"rendered":"\n<p>Le Conseil du Prix Chinguitt \u00e9value objectivement les travaux pr\u00e9sent\u00e9s en privil\u00e9giant les crit\u00e8res suivants:<\/p>\n\n\n\n<ul class=\"wp-block-list\">\n<li>contribution au rayonnement culturel et Scientifique au d\u00e9veloppement de la Mauritanie&nbsp;;<\/li>\n\n\n\n<li>authenticit\u00e9&nbsp;;<\/li>\n\n\n\n<li>originalit\u00e9;<\/li>\n\n\n\n<li>cr\u00e9ativit\u00e9 et innovation.<\/li>\n<\/ul>\n\n\n\n<p>L&rsquo;\u00e9valuation des travaux relatifs aux prix des Sciences et Techniques donne la priorit\u00e9   aux travaux publi\u00e9s par des maisons d&rsquo;\u00e9dition de renomm\u00e9 ou des journaux index\u00e9s dans les bases de donn\u00e9es bibliom\u00e9triques internationales : SCOPUS et Web Of Science.<\/p>\n","protected":false},"excerpt":{"rendered":"<p>Le Conseil du Prix Chinguitt \u00e9value objectivement les travaux pr\u00e9sent\u00e9s en privil\u00e9giant les crit\u00e8res suivants: L&rsquo;\u00e9valuation des travaux relatifs aux prix des Sciences et Techniques [&#8230;]<\/p>\n","protected":false},"author":1,"featured_media":0,"parent":0,"menu_order":0,"comment_status":"closed","ping_status":"closed","template":"","meta":{"footnotes":""},"class_list":["post-698","page","type-page","status-publish","hentry"],"_links":{"self":[{"href":"https:\/\/prixchinguitt.mr\/fr\/index.php?rest_route=\/wp\/v2\/pages\/698","targetHints":{"allow":["GET"]}}],"collection":[{"href":"https:\/\/prixchinguitt.mr\/fr\/index.php?rest_route=\/wp\/v2\/pages"}],"about":[{"href":"https:\/\/prixchinguitt.mr\/fr\/index.php?rest_route=\/wp\/v2\/types\/page"}],"author":[{"embeddable":true,"href":"https:\/\/prixchinguitt.mr\/fr\/index.php?rest_route=\/wp\/v2\/users\/1"}],"replies":[{"embeddable":true,"href":"https:\/\/prixchinguitt.mr\/fr\/index.php?rest_route=%2Fwp%2Fv2%2Fcomments&post=698"}],"version-history":[{"count":1,"href":"https:\/\/prixchinguitt.mr\/fr\/index.php?rest_route=\/wp\/v2\/pages\/698\/revisions"}],"predecessor-version":[{"id":699,"href":"https:\/\/prixchinguitt.mr\/fr\/index.php?rest_route=\/wp\/v2\/pages\/698\/revisions\/699"}],"wp:attachment":[{"href":"https:\/\/prixchinguitt.mr\/fr\/index.php?rest_route=%2Fwp%2Fv2%2Fmedia&parent=698"}],"curies":[{"name":"wp","href":"https:\/\/api.w.org\/{rel}","templated":true}]}}