{"id":696,"date":"2023-12-30T19:36:40","date_gmt":"2023-12-30T18:36:40","guid":{"rendered":"http:\/\/127.0.0.1\/wordpressfr\/?page_id=696"},"modified":"2023-12-30T19:36:40","modified_gmt":"2023-12-30T18:36:40","slug":"composition-du-dossier-de-candidature-2","status":"publish","type":"page","link":"https:\/\/prixchinguitt.mr\/fr\/?page_id=696","title":{"rendered":"Composition du dossier de candidature"},"content":{"rendered":"\n<p>Une demande, de participation \u00e0 l\u2019un des prix d\u00fbment sign\u00e9e&nbsp;;<\/p>\n\n\n\n<p>\u00b7 Un CV complet du candidat&nbsp;;<\/p>\n\n\n\n<p>\u00b7 parrainages \u00e9ventuels;<\/p>\n\n\n\n<p>\u00b7 Un descriptif de l&rsquo;\u0153uvre ou des &nbsp;travaux pr\u00e9cisant &nbsp;notamment les m\u00e9thodes de recherche utilis\u00e9es, l&rsquo;int\u00e9r\u00eat des travaux, la contribution personnelle du candidat en cas de travail commun avec d&rsquo;autres chercheurs, et expliquant la pertinence du travail eu \u00e9gard aux crit\u00e8res adopt\u00e9s par le Conseil du Prix Chinguitt. (maximum 04 pages);<\/p>\n\n\n\n<p>\u00b7 l&rsquo;\u0153uvre ou les travaux pr\u00e9sent\u00e9s en 08 exemplaires;<\/p>\n\n\n\n<p>\u00b7 une attestation sur l&rsquo;honneur pr\u00e9cisant, le cas \u00e9ch\u00e9ant, les \u00e9l\u00e9ments du dossier de candidature qui ont \u00e9t\u00e9 :<\/p>\n\n\n\n<p>                \u00b7 publi\u00e9s ou expos\u00e9es depuis plus de 03 ans;<\/p>\n\n\n\n<p>               \u00b7 r\u00e9alis\u00e9s pour l&rsquo;obtention d&rsquo;un titre universitaire;<\/p>\n\n\n\n<p>              \u00b7 d\u00e9j\u00e0 prim\u00e9s.<\/p>\n","protected":false},"excerpt":{"rendered":"<p>Une demande, de participation \u00e0 l\u2019un des prix d\u00fbment sign\u00e9e&nbsp;; \u00b7 Un CV complet du candidat&nbsp;; \u00b7 parrainages \u00e9ventuels; \u00b7 Un descriptif de l&rsquo;\u0153uvre ou [&#8230;]<\/p>\n","protected":false},"author":1,"featured_media":0,"parent":0,"menu_order":0,"comment_status":"closed","ping_status":"closed","template":"","meta":{"footnotes":""},"class_list":["post-696","page","type-page","status-publish","hentry"],"_links":{"self":[{"href":"https:\/\/prixchinguitt.mr\/fr\/index.php?rest_route=\/wp\/v2\/pages\/696","targetHints":{"allow":["GET"]}}],"collection":[{"href":"https:\/\/prixchinguitt.mr\/fr\/index.php?rest_route=\/wp\/v2\/pages"}],"about":[{"href":"https:\/\/prixchinguitt.mr\/fr\/index.php?rest_route=\/wp\/v2\/types\/page"}],"author":[{"embeddable":true,"href":"https:\/\/prixchinguitt.mr\/fr\/index.php?rest_route=\/wp\/v2\/users\/1"}],"replies":[{"embeddable":true,"href":"https:\/\/prixchinguitt.mr\/fr\/index.php?rest_route=%2Fwp%2Fv2%2Fcomments&post=696"}],"version-history":[{"count":1,"href":"https:\/\/prixchinguitt.mr\/fr\/index.php?rest_route=\/wp\/v2\/pages\/696\/revisions"}],"predecessor-version":[{"id":697,"href":"https:\/\/prixchinguitt.mr\/fr\/index.php?rest_route=\/wp\/v2\/pages\/696\/revisions\/697"}],"wp:attachment":[{"href":"https:\/\/prixchinguitt.mr\/fr\/index.php?rest_route=%2Fwp%2Fv2%2Fmedia&parent=696"}],"curies":[{"name":"wp","href":"https:\/\/api.w.org\/{rel}","templated":true}]}}