{"id":694,"date":"2023-12-30T19:34:58","date_gmt":"2023-12-30T18:34:58","guid":{"rendered":"http:\/\/127.0.0.1\/wordpressfr\/?page_id=694"},"modified":"2023-12-30T19:34:58","modified_gmt":"2023-12-30T18:34:58","slug":"candidature","status":"publish","type":"page","link":"https:\/\/prixchinguitt.mr\/fr\/?page_id=694","title":{"rendered":"Candidature"},"content":{"rendered":"\n<p>Les Prix Chinguitt couronnent des types de travaux de nature a contribuer \u00e0 &nbsp;l\u2019approfondissement et \u00e0 la promotion de la recherche &nbsp;scientifique, litt\u00e9raire, cultuelle ou islamique&nbsp;:<\/p>\n\n\n\n<ul class=\"wp-block-list\">\n<li>une \u0153uvre&nbsp;;<\/li>\n\n\n\n<li>des travaux coh\u00e9rents de recherche sanctionn\u00e9s par des publications dans des revues index\u00e9es et \/ ou conf\u00e9rences internationales.<\/li>\n<\/ul>\n\n\n\n<p>Les travaux soumis doivent remplir les conditions suivantes&nbsp;:<\/p>\n\n\n\n<ul class=\"wp-block-list\">\n<li>ne pas avoir \u00e9t\u00e9 publi\u00e9s ou expos\u00e9s depuis plus de 3 ans&nbsp;;<\/li>\n\n\n\n<li>ne pas avoir \u00e9t\u00e9 r\u00e9alis\u00e9s pour l\u2019obtention d\u2019un titre universitaire&nbsp;;<\/li>\n\n\n\n<li>ne pas avoir \u00e9t\u00e9 d\u00e9j\u00e0 prim\u00e9s.<\/li>\n<\/ul>\n\n\n\n<p>Une m\u00eame \u0153uvre ne peut \u00eatre pr\u00e9sent\u00e9e plus de 2 fois au prix.<\/p>\n\n\n\n<p><\/p>\n\n\n\n<h2 class=\"wp-block-heading has-text-align-center\">Nominations<\/h2>\n\n\n\n<p>Outre les candidatures directes, le conseil peut recevoir les candidatures aux noms des institutions ou individus via&nbsp;:<\/p>\n\n\n\n<ul class=\"wp-block-list\">\n<li>Les \u00e9tablissements d\u2019enseignement sup\u00e9rieur et\/ou de recherche scientifique&nbsp;;<\/li>\n\n\n\n<li>Les associations culturelles reconnues&nbsp;;<\/li>\n\n\n\n<li>&nbsp;&nbsp;Les associations scientifiques sp\u00e9cialis\u00e9es et reconnues<\/li>\n<\/ul>\n\n\n\n<p>Les anciens laur\u00e9ats du prix peuvent pr\u00e9senter les candidatures qu\u2019ils estiment dignes de recevoir le prix.<\/p>\n\n\n\n<h2 class=\"wp-block-heading has-text-align-center\">Proc\u00e9dure de s\u00e9lection<\/h2>\n\n\n\n<p>Le Conseil du Prix Chinguitt \u00e9value objectivement les travaux donn\u00e9s en privil\u00e9giant les crit\u00e8res suivants<\/p>\n\n\n\n<ul class=\"wp-block-list\">\n<li>Contribution au rayonnement culturel et Scientifique au d\u00e9veloppement de la Mauritanie&nbsp;;<\/li>\n\n\n\n<li>authenticit\u00e9&nbsp;;<\/li>\n\n\n\n<li>originalit\u00e9;<\/li>\n\n\n\n<li>Cr\u00e9ativit\u00e9 et innovation.<\/li>\n<\/ul>\n\n\n\n<p>Le Prix  peut \u00eatre d\u00e9cern\u00e9 \u00e0 quatre laur\u00e9ats, au plus, dans le m\u00eame domaine. En cas d\u2019\u00e9galit\u00e9, la gratification financi\u00e8re est partag\u00e9e \u00e9quitablement entre les b\u00e9n\u00e9ficiaires.<\/p>\n\n\n\n<p>Le conseil peut se faire assister par des comit\u00e9s techniques ou des experts, de comp\u00e9tence reconnue dans les domaines couverts par les Prix Chinguitt qui \u00e9tablissent des rapports d\u2019\u00e9valuation pour les dossiers recevables, \u00e0 titre consultatif.<\/p>\n\n\n\n<p>Les rapports des experts et les \u00e9valuations des comit\u00e9s sp\u00e9cialis\u00e9s re\u00e7us du conseil du prix chinguitt sont examin\u00e9s \u00e0 huit \u2013 clos par le conseil qui d\u00e9signe les travaux couronn\u00e9s, par consensus entre ses membres. A d\u00e9faut de consensus, le conseil proc\u00e8de au classement des travaux recevables et au vote \u00e0 scrutin secret.<\/p>\n\n\n\n<h2 class=\"wp-block-heading has-text-align-center\">Composition du dossier de candidature<\/h2>\n\n\n\n<p><strong>Dossier de Candidature<\/strong><\/p>\n\n\n\n<ul class=\"wp-block-list\">\n<li>Une demande, de participation \u00e0  l\u2019un des prix d\u00fbment sign\u00e9e&nbsp;;<\/li>\n\n\n\n<li>Un CV complet du candidat&nbsp;;<\/li>\n\n\n\n<li>parrainage \u00e9ventuel;<\/li>\n\n\n\n<li>Un descriptif de l&rsquo;\u0153uvre ou des &nbsp;travaux pr\u00e9cisant &nbsp;notamment les m\u00e9thodes de recherche utilis\u00e9es, l&rsquo;interet de travaux, la contribution personnel de candidat en cas de travail commun avec d&rsquo;autres chercheurs, et expliquer la pertinence du travail eu \u00e9gare aux crit\u00e8res adopt\u00e9s par le Conseil du Prix Chinguittes. (maximum  04 pages)<\/li>\n\n\n\n<li>l&rsquo;\u0153uvre ou les travaux pr\u00e9sent\u00e9s en 08 exemplaires<\/li>\n\n\n\n<li>une attestation sur l&rsquo;honneur pr\u00e9cisant, le cas \u00e9ch\u00e9ant,  les \u00e9l\u00e9ments du dossier de candidature qui ont \u00e9t\u00e9 : <\/li>\n\n\n\n<li>-publi\u00e9s ou expos\u00e9es depuis plus de 03 ans<\/li>\n\n\n\n<li>&#8211; r\u00e9aliser pour l&rsquo;obtention d&rsquo;un titre universitaire<\/li>\n\n\n\n<li>-D\u00e9j\u00e0 prim\u00e9s<\/li>\n<\/ul>\n\n\n\n<h2 class=\"wp-block-heading\">Proc\u00e9dure de d\u00e9p\u00f4ts de dossier<\/h2>\n\n\n\n<p><\/p>\n\n\n\n<ul class=\"wp-block-list\">\n<li>Le dossier de candidature doivent \u00eatre d\u00e9pos\u00e9 au secr\u00e9tariat permanant du Conseil, ou exp\u00e9dier par la voie postale le cachet de la poste faisant foi ou sur la plateforme d\u00e9di\u00e9e \u00e0 cet effet, <a href=\"http:\/\/41.188.122.130\/login\" data-type=\"URL\" data-id=\"http:\/\/41.188.122.130\/login\" target=\"_blank\" rel=\"noreferrer noopener\">cliquer ici pour remplir le formulaire<\/a>.<\/li>\n<\/ul>\n","protected":false},"excerpt":{"rendered":"<p>Les Prix Chinguitt couronnent des types de travaux de nature a contribuer \u00e0 &nbsp;l\u2019approfondissement et \u00e0 la promotion de la recherche &nbsp;scientifique, litt\u00e9raire, cultuelle ou [&#8230;]<\/p>\n","protected":false},"author":1,"featured_media":0,"parent":0,"menu_order":0,"comment_status":"closed","ping_status":"closed","template":"","meta":{"footnotes":""},"class_list":["post-694","page","type-page","status-publish","hentry"],"_links":{"self":[{"href":"https:\/\/prixchinguitt.mr\/fr\/index.php?rest_route=\/wp\/v2\/pages\/694","targetHints":{"allow":["GET"]}}],"collection":[{"href":"https:\/\/prixchinguitt.mr\/fr\/index.php?rest_route=\/wp\/v2\/pages"}],"about":[{"href":"https:\/\/prixchinguitt.mr\/fr\/index.php?rest_route=\/wp\/v2\/types\/page"}],"author":[{"embeddable":true,"href":"https:\/\/prixchinguitt.mr\/fr\/index.php?rest_route=\/wp\/v2\/users\/1"}],"replies":[{"embeddable":true,"href":"https:\/\/prixchinguitt.mr\/fr\/index.php?rest_route=%2Fwp%2Fv2%2Fcomments&post=694"}],"version-history":[{"count":1,"href":"https:\/\/prixchinguitt.mr\/fr\/index.php?rest_route=\/wp\/v2\/pages\/694\/revisions"}],"predecessor-version":[{"id":695,"href":"https:\/\/prixchinguitt.mr\/fr\/index.php?rest_route=\/wp\/v2\/pages\/694\/revisions\/695"}],"wp:attachment":[{"href":"https:\/\/prixchinguitt.mr\/fr\/index.php?rest_route=%2Fwp%2Fv2%2Fmedia&parent=694"}],"curies":[{"name":"wp","href":"https:\/\/api.w.org\/{rel}","templated":true}]}}